{"id":313,"date":"2020-10-29T09:19:21","date_gmt":"2020-10-29T15:19:21","guid":{"rendered":"https:\/\/www.babylissprola.com\/custom-fx\/product\/maquina-de-corte\/"},"modified":"2021-02-01T17:00:27","modified_gmt":"2021-02-01T23:00:27","slug":"maquina-de-corte-br","status":"publish","type":"product","link":"https:\/\/www.babylissprola.com\/custom-fx\/product\/maquina-de-corte-br\/?lang=pt-br","title":{"rendered":"M\u00e1quina de Corte BR"},"content":{"rendered":"","protected":false},"excerpt":{"rendered":"<p><strong>BaBylissPRO CustomFX\u00ae<\/strong> coloca possibilidades ilimitadas ao seu alcance. Escolha os componentes: combina\u00e7\u00f5es de cores, metais atrativos, l\u00e2mina de escolha. Qualquer combina\u00e7\u00e3o que seja exclusiva para voc\u00ea. V\u00e1 em frente e crie a m\u00e1quina de corte de alto desempenho que mostra sua criatividade, personalidade e estilo.<\/p>\n<p>Maquina de Corte <em>BaBylissPRO CustomFX 870<\/em>:<\/p>\n<ul>\n<li>Motor de alto desempenho sem carv\u00f5es<\/li>\n<li>Carca\u00e7a totalmente met\u00e1lica<\/li>\n<li>Bateria de \u00edon de l\u00edtio \/ autonomia de 2,5 horas<\/li>\n<li>Dupla Voltagem<\/li>\n<li>Alavanca de ajuste do comprimento de corte com 5 posi\u00e7\u00f5es<\/li>\n<li>\u00a1Muito mais!<\/li>\n<\/ul>\n","protected":false},"featured_media":0,"template":"","meta":[],"yoast_head":"<!-- This site is optimized with the Yoast SEO plugin v15.1.1 - https:\/\/yoast.com\/wordpress\/plugins\/seo\/ -->\n<title>M\u00e1quina de corte Custom FX - BaBylissPRO LA<\/title>\n<meta name=\"robots\" content=\"index, follow, max-snippet:-1, max-image-preview:large, max-video-preview:-1\" \/>\n<link rel=\"canonical\" href=\"https:\/\/www.babylissprola.com\/custom-fx\/product\/maquina-de-corte-br\/\" \/>\n<meta property=\"og:locale\" content=\"es_ES\" \/>\n<meta property=\"og:type\" content=\"article\" \/>\n<meta property=\"og:title\" content=\"M\u00e1quina de corte Custom FX - BaBylissPRO LA\" \/>\n<meta property=\"og:description\" content=\"BaBylissPRO CustomFX\u00ae coloca possibilidades ilimitadas ao seu alcance. Escolha os componentes: combina\u00e7\u00f5es de cores, metais atrativos, l\u00e2mina de escolha. Qualquer combina\u00e7\u00e3o que seja exclusiva para voc\u00ea. V\u00e1 em frente e crie a m\u00e1quina de corte de alto desempenho que mostra sua criatividade, personalidade e estilo.  Maquina de Corte BaBylissPRO CustomFX 870:   Motor de alto desempenho sem carv\u00f5es  Carca\u00e7a totalmente met\u00e1lica  Bateria de \u00edon de l\u00edtio \/ autonomia de 2,5 horas  Dupla Voltagem  Alavanca de ajuste do comprimento de corte com 5 posi\u00e7\u00f5es  \u00a1Muito mais!\" \/>\n<meta property=\"og:url\" content=\"https:\/\/www.babylissprola.com\/custom-fx\/product\/maquina-de-corte-br\/?lang=pt-br\" \/>\n<meta property=\"og:site_name\" content=\"Custom FX\" \/>\n<meta property=\"article:modified_time\" content=\"2021-02-01T23:00:27+00:00\" \/>\n<meta name=\"twitter:card\" content=\"summary_large_image\" \/>\n<script type=\"application\/ld+json\" class=\"yoast-schema-graph\">{\"@context\":\"https:\/\/schema.org\",\"@graph\":[{\"@type\":\"WebSite\",\"@id\":\"https:\/\/www.babylissprola.com\/custom-fx\/#website\",\"url\":\"https:\/\/www.babylissprola.com\/custom-fx\/\",\"name\":\"Custom FX\",\"description\":\"\",\"potentialAction\":[{\"@type\":\"SearchAction\",\"target\":\"https:\/\/www.babylissprola.com\/custom-fx\/?s={search_term_string}\",\"query-input\":\"required name=search_term_string\"}],\"inLanguage\":\"es\"},{\"@type\":\"WebPage\",\"@id\":\"https:\/\/www.babylissprola.com\/custom-fx\/product\/maquina-de-corte-br\/?lang=pt-br#webpage\",\"url\":\"https:\/\/www.babylissprola.com\/custom-fx\/product\/maquina-de-corte-br\/?lang=pt-br\",\"name\":\"M\\u00e1quina de corte Custom FX - BaBylissPRO LA\",\"isPartOf\":{\"@id\":\"https:\/\/www.babylissprola.com\/custom-fx\/#website\"},\"datePublished\":\"2020-10-29T15:19:21+00:00\",\"dateModified\":\"2021-02-01T23:00:27+00:00\",\"inLanguage\":\"es\",\"potentialAction\":[{\"@type\":\"ReadAction\",\"target\":[\"https:\/\/www.babylissprola.com\/custom-fx\/product\/maquina-de-corte-br\/?lang=pt-br\"]}]}]}<\/script>\n<!-- \/ Yoast SEO plugin. -->","_links":{"self":[{"href":"https:\/\/www.babylissprola.com\/custom-fx\/wp-json\/wp\/v2\/product\/313"}],"collection":[{"href":"https:\/\/www.babylissprola.com\/custom-fx\/wp-json\/wp\/v2\/product"}],"about":[{"href":"https:\/\/www.babylissprola.com\/custom-fx\/wp-json\/wp\/v2\/types\/product"}],"wp:attachment":[{"href":"https:\/\/www.babylissprola.com\/custom-fx\/wp-json\/wp\/v2\/media?parent=313"}],"curies":[{"name":"wp","href":"https:\/\/api.w.org\/{rel}","templated":true}]}}